{"id":20,"date":"2019-11-08T17:36:42","date_gmt":"2019-11-08T16:36:42","guid":{"rendered":"http:\/\/www.daralmajusguesthouse.proterrasancta.org\/?page_id=20"},"modified":"2022-05-18T15:27:17","modified_gmt":"2022-05-18T13:27:17","slug":"chi-siamo","status":"publish","type":"page","link":"https:\/\/daressidehguesthouse.proterrasancta.org\/daressidehguesthouse\/chi-siamo\/","title":{"rendered":"Chi siamo"},"content":{"rendered":"\n<div class=\"wp-container-2 wp-block-columns\">\n<div class=\"wp-container-1 wp-block-column\">\n<p>Dar Essideh Guesthouse \u00e8 gestita dall&#8217;Associazione <strong><a href=\"https:\/\/www.proterrasancta.org\/\">Pro Terra Sancta<\/a><\/strong>, un&#8217;organizzazione senza scopo di lucro con progetti per preservare i Luoghi Santi, sostenere le comunit\u00e0 locali e portare aiuti in caso di emergenze umanitarie. Insieme a <strong><a href=\"https:\/\/daralmajusguesthouse.proterrasancta.org\/\">Dar Al Majus<\/a><\/strong>, la \u201ccasa dei Magi\u201d, Dar Essideh nasce con l\u2019intenzione di essere una vera e propria casa per chi visita Betlemme.<\/p>\n\n\n\n<p>Dar Essideh significa <strong>Casa della Signora<\/strong> e prende il nome dalla stradina in cui si trova. Questo nome speciale commemora<strong> la Vergine Maria<\/strong>.<\/p>\n\n\n\n<p>La pensione infatti si trova <strong>nel cuore di Betlemme<\/strong>, vicino alla bellissima Grotta del Latte a pochi passi da Piazza della Mangiatoia e dalla Chiesa della Nativit\u00e0. Si trova lungo una piccola strada chiamata Essideh Street, che collega a Milk Grotto Street, proprio accanto al Vincent Malham Center dell&#8217;Universit\u00e0 di Betlemme.<\/p>\n\n\n\n<p>Ci sono quattro stanze al piano terra e una cucina ben attrezzata e tre stanze al secondo piano. C&#8217;\u00e8 una piccola sala da pranzo e una lavanderia. Gli ospiti possono godere <strong>della vista panoramica su Betlemme<\/strong> dalla terrazza sul tetto della pensione.<\/p>\n\n\n\n<p><strong>Noi di Dar Essideh teniamo ai dettagli<\/strong>. Il locale \u00e8 decorato con bellissimi oggetti di artigianato locale come uno specchio in una cornice a mosaico che si trova all&#8217;ingresso della foresteria o cuscini e fazzoletti ricamati a mano in ogni stanza.<\/p>\n<\/div>\n<\/div>\n\n\n\n<p><strong>Ecco i protagonisti:<\/strong><\/p>\n\n\n\n<div class=\"wp-container-4 wp-block-columns\">\n<div class=\"wp-container-3 wp-block-column\">\n<ul><li><strong>Roni<\/strong> \u00e8 il gestore della Guesthouse, \u00e8 palestinese, ma parla anche inglese; \u00e8 una persona davvero gentile e disponibile. Lavora anche per proTS come \u201cassistente sociale in azione\u201d, aiutando i giovani non ancora occupati ad iniziare un lavoro.<br><\/li><li><strong>Vincenzo <\/strong>\u00e8 responsabile dell&#8217;ufficio dell&#8217;<a rel=\"noreferrer noopener\" href=\"https:\/\/www.proterrasancta.org\/\" target=\"_blank\"><strong>Associazione pro terra Sancta<\/strong><\/a> a Betlemme. E&#8217; italiano, ma vive qui da 13 anni e conosce ogni angolo della citt\u00e0 dove Ges\u00f9 \u00e8 nato.<\/li><\/ul>\n<\/div>\n<\/div>\n\n\n\n<p><\/p>\n","protected":false},"excerpt":{"rendered":"<p>Dar Essideh Guesthouse \u00e8 gestita dall&#8217;Associazione Pro Terra Sancta, un&#8217;organizzazione senza scopo di lucro con progetti per preservare i Luoghi &hellip; <a href=\"https:\/\/daressidehguesthouse.proterrasancta.org\/daressidehguesthouse\/chi-siamo\/\" class=\"more-link\"><span class=\"more-button\">Read More<span class=\"screen-reader-text\">Chi siamo<\/span><\/span><\/a><\/p>\n","protected":false},"author":2,"featured_media":0,"parent":0,"menu_order":0,"comment_status":"closed","ping_status":"closed","template":"","meta":[],"_links":{"self":[{"href":"https:\/\/daressidehguesthouse.proterrasancta.org\/daressidehguesthouse\/wp-json\/wp\/v2\/pages\/20"}],"collection":[{"href":"https:\/\/daressidehguesthouse.proterrasancta.org\/daressidehguesthouse\/wp-json\/wp\/v2\/pages"}],"about":[{"href":"https:\/\/daressidehguesthouse.proterrasancta.org\/daressidehguesthouse\/wp-json\/wp\/v2\/types\/page"}],"author":[{"embeddable":true,"href":"https:\/\/daressidehguesthouse.proterrasancta.org\/daressidehguesthouse\/wp-json\/wp\/v2\/users\/2"}],"replies":[{"embeddable":true,"href":"https:\/\/daressidehguesthouse.proterrasancta.org\/daressidehguesthouse\/wp-json\/wp\/v2\/comments?post=20"}],"version-history":[{"count":4,"href":"https:\/\/daressidehguesthouse.proterrasancta.org\/daressidehguesthouse\/wp-json\/wp\/v2\/pages\/20\/revisions"}],"predecessor-version":[{"id":632,"href":"https:\/\/daressidehguesthouse.proterrasancta.org\/daressidehguesthouse\/wp-json\/wp\/v2\/pages\/20\/revisions\/632"}],"wp:attachment":[{"href":"https:\/\/daressidehguesthouse.proterrasancta.org\/daressidehguesthouse\/wp-json\/wp\/v2\/media?parent=20"}],"curies":[{"name":"wp","href":"https:\/\/api.w.org\/{rel}","templated":true}]}}